{"id":13575,"date":"2024-08-27T10:03:18","date_gmt":"2024-08-27T10:03:18","guid":{"rendered":"https:\/\/www.dedalus.com\/fr\/?page_id=13575"},"modified":"2024-08-27T10:23:00","modified_gmt":"2024-08-27T10:23:00","slug":"kodak-alaris-partner","status":"publish","type":"page","link":"https:\/\/www.dedalus.com\/fr\/fr\/partenariats\/kodak-alaris-partner\/","title":{"rendered":"Partenaire Kodak alaris"},"content":{"rendered":"","protected":false},"excerpt":{"rendered":"","protected":false},"author":20,"featured_media":0,"parent":13491,"menu_order":0,"comment_status":"closed","ping_status":"closed","template":"","meta":{"_acf_changed":false,"_relevanssi_hide_post":"","_relevanssi_pin_for_all":"","_relevanssi_pin_keywords":"","_relevanssi_unpin_keywords":"","_relevanssi_related_keywords":"","_relevanssi_related_include_ids":"","_relevanssi_related_exclude_ids":"","_relevanssi_related_no_append":"","_relevanssi_related_not_related":"","_relevanssi_related_posts":"","_relevanssi_noindex_reason":""},"class_list":["post-13575","page","type-page","status-publish","hentry"],"acf":[],"yoast_head":"<!-- This site is optimized with the Yoast SEO Premium plugin v26.9 (Yoast SEO v26.9) - https:\/\/yoast.com\/product\/yoast-seo-premium-wordpress\/ -->\n<title>Partenaire Kodak alaris - Dedalus France<\/title>\n<meta name=\"description\" content=\"Kodak Alaris accompagnons la transformation num\u00e9rique pour des services plus \u00e9volutifs et collaboratifs centr\u00e9s sur le parcours patient.\" \/>\n<meta name=\"robots\" content=\"index, follow, max-snippet:-1, max-image-preview:large, max-video-preview:-1\" \/>\n<link rel=\"canonical\" href=\"https:\/\/www.dedalus.com\/fr\/fr\/partenariats\/kodak-alaris-partner\/\" \/>\n<meta property=\"og:locale\" content=\"fr_FR\" \/>\n<meta property=\"og:type\" content=\"article\" \/>\n<meta property=\"og:title\" content=\"Partenaire Kodak alaris\" \/>\n<meta property=\"og:description\" content=\"Kodak Alaris accompagnons la transformation num\u00e9rique pour des services plus \u00e9volutifs et collaboratifs centr\u00e9s sur le parcours patient.\" \/>\n<meta property=\"og:url\" content=\"https:\/\/www.dedalus.com\/fr\/fr\/partenariats\/kodak-alaris-partner\/\" \/>\n<meta property=\"og:site_name\" content=\"Dedalus France\" \/>\n<meta property=\"article:modified_time\" content=\"2024-08-27T10:23:00+00:00\" \/>\n<meta property=\"og:image\" content=\"https:\/\/www.dedalus.com\/fr\/wp-content\/uploads\/sites\/13\/2023\/12\/logo_Site-Image.jpg\" \/>\n\t<meta property=\"og:image:width\" content=\"1200\" \/>\n\t<meta property=\"og:image:height\" content=\"675\" \/>\n\t<meta property=\"og:image:type\" content=\"image\/jpeg\" \/>\n<meta name=\"twitter:card\" content=\"summary_large_image\" \/>\n<meta name=\"twitter:label1\" content=\"Dur\u00e9e de lecture estim\u00e9e\" \/>\n\t<meta name=\"twitter:data1\" content=\"2 minutes\" \/>\n<script type=\"application\/ld+json\" class=\"yoast-schema-graph\">{\"@context\":\"https:\/\/schema.org\",\"@graph\":[{\"@type\":\"WebPage\",\"@id\":\"https:\/\/www.dedalus.com\/fr\/fr\/partenariats\/kodak-alaris-partner\/\",\"url\":\"https:\/\/www.dedalus.com\/fr\/fr\/partenariats\/kodak-alaris-partner\/\",\"name\":\"Partenaire Kodak alaris - Dedalus France\",\"isPartOf\":{\"@id\":\"https:\/\/www.dedalus.com\/fr\/fr\/#website\"},\"datePublished\":\"2024-08-27T10:03:18+00:00\",\"dateModified\":\"2024-08-27T10:23:00+00:00\",\"description\":\"Kodak Alaris accompagnons la transformation num\u00e9rique pour des services plus \u00e9volutifs et collaboratifs centr\u00e9s sur le parcours patient.\",\"breadcrumb\":{\"@id\":\"https:\/\/www.dedalus.com\/fr\/fr\/partenariats\/kodak-alaris-partner\/#breadcrumb\"},\"inLanguage\":\"fr-FR\",\"potentialAction\":[{\"@type\":\"ReadAction\",\"target\":[\"https:\/\/www.dedalus.com\/fr\/fr\/partenariats\/kodak-alaris-partner\/\"]}]},{\"@type\":\"BreadcrumbList\",\"@id\":\"https:\/\/www.dedalus.com\/fr\/fr\/partenariats\/kodak-alaris-partner\/#breadcrumb\",\"itemListElement\":[{\"@type\":\"ListItem\",\"position\":1,\"name\":\"Home\",\"item\":\"https:\/\/www.dedalus.com\/fr\/fr\/\"},{\"@type\":\"ListItem\",\"position\":2,\"name\":\"Partenariats\",\"item\":\"https:\/\/www.dedalus.com\/fr\/fr\/partenariats\/\"},{\"@type\":\"ListItem\",\"position\":3,\"name\":\"Partenaire Kodak alaris\"}]},{\"@type\":\"WebSite\",\"@id\":\"https:\/\/www.dedalus.com\/fr\/fr\/#website\",\"url\":\"https:\/\/www.dedalus.com\/fr\/fr\/\",\"name\":\"Dedalus France\",\"description\":\"\",\"publisher\":{\"@id\":\"https:\/\/www.dedalus.com\/fr\/fr\/#organization\"},\"potentialAction\":[{\"@type\":\"SearchAction\",\"target\":{\"@type\":\"EntryPoint\",\"urlTemplate\":\"https:\/\/www.dedalus.com\/fr\/fr\/?s={search_term_string}\"},\"query-input\":{\"@type\":\"PropertyValueSpecification\",\"valueRequired\":true,\"valueName\":\"search_term_string\"}}],\"inLanguage\":\"fr-FR\"},{\"@type\":\"Organization\",\"@id\":\"https:\/\/www.dedalus.com\/fr\/fr\/#organization\",\"name\":\"Dedalus France\",\"url\":\"https:\/\/www.dedalus.com\/fr\/fr\/\",\"logo\":{\"@type\":\"ImageObject\",\"inLanguage\":\"fr-FR\",\"@id\":\"https:\/\/www.dedalus.com\/fr\/fr\/#\/schema\/logo\/image\/\",\"url\":\"https:\/\/www.dedalus.com\/fr\/wp-content\/uploads\/sites\/13\/2023\/12\/logo_Site-Favicon.jpg\",\"contentUrl\":\"https:\/\/www.dedalus.com\/fr\/wp-content\/uploads\/sites\/13\/2023\/12\/logo_Site-Favicon.jpg\",\"width\":512,\"height\":512,\"caption\":\"Dedalus France\"},\"image\":{\"@id\":\"https:\/\/www.dedalus.com\/fr\/fr\/#\/schema\/logo\/image\/\"}}]}<\/script>\n<!-- \/ Yoast SEO Premium plugin. -->","yoast_head_json":{"title":"Partenaire Kodak alaris - Dedalus France","description":"Kodak Alaris accompagnons la transformation num\u00e9rique pour des services plus \u00e9volutifs et collaboratifs centr\u00e9s sur le parcours patient.","robots":{"index":"index","follow":"follow","max-snippet":"max-snippet:-1","max-image-preview":"max-image-preview:large","max-video-preview":"max-video-preview:-1"},"canonical":"https:\/\/www.dedalus.com\/fr\/fr\/partenariats\/kodak-alaris-partner\/","og_locale":"fr_FR","og_type":"article","og_title":"Partenaire Kodak alaris","og_description":"Kodak Alaris accompagnons la transformation num\u00e9rique pour des services plus \u00e9volutifs et collaboratifs centr\u00e9s sur le parcours patient.","og_url":"https:\/\/www.dedalus.com\/fr\/fr\/partenariats\/kodak-alaris-partner\/","og_site_name":"Dedalus France","article_modified_time":"2024-08-27T10:23:00+00:00","og_image":[{"width":1200,"height":675,"url":"https:\/\/www.dedalus.com\/fr\/wp-content\/uploads\/sites\/13\/2023\/12\/logo_Site-Image.jpg","type":"image\/jpeg"}],"twitter_card":"summary_large_image","twitter_misc":{"Dur\u00e9e de lecture estim\u00e9e":"2 minutes"},"schema":{"@context":"https:\/\/schema.org","@graph":[{"@type":"WebPage","@id":"https:\/\/www.dedalus.com\/fr\/fr\/partenariats\/kodak-alaris-partner\/","url":"https:\/\/www.dedalus.com\/fr\/fr\/partenariats\/kodak-alaris-partner\/","name":"Partenaire Kodak alaris - Dedalus France","isPartOf":{"@id":"https:\/\/www.dedalus.com\/fr\/fr\/#website"},"datePublished":"2024-08-27T10:03:18+00:00","dateModified":"2024-08-27T10:23:00+00:00","description":"Kodak Alaris accompagnons la transformation num\u00e9rique pour des services plus \u00e9volutifs et collaboratifs centr\u00e9s sur le parcours patient.","breadcrumb":{"@id":"https:\/\/www.dedalus.com\/fr\/fr\/partenariats\/kodak-alaris-partner\/#breadcrumb"},"inLanguage":"fr-FR","potentialAction":[{"@type":"ReadAction","target":["https:\/\/www.dedalus.com\/fr\/fr\/partenariats\/kodak-alaris-partner\/"]}]},{"@type":"BreadcrumbList","@id":"https:\/\/www.dedalus.com\/fr\/fr\/partenariats\/kodak-alaris-partner\/#breadcrumb","itemListElement":[{"@type":"ListItem","position":1,"name":"Home","item":"https:\/\/www.dedalus.com\/fr\/fr\/"},{"@type":"ListItem","position":2,"name":"Partenariats","item":"https:\/\/www.dedalus.com\/fr\/fr\/partenariats\/"},{"@type":"ListItem","position":3,"name":"Partenaire Kodak alaris"}]},{"@type":"WebSite","@id":"https:\/\/www.dedalus.com\/fr\/fr\/#website","url":"https:\/\/www.dedalus.com\/fr\/fr\/","name":"Dedalus France","description":"","publisher":{"@id":"https:\/\/www.dedalus.com\/fr\/fr\/#organization"},"potentialAction":[{"@type":"SearchAction","target":{"@type":"EntryPoint","urlTemplate":"https:\/\/www.dedalus.com\/fr\/fr\/?s={search_term_string}"},"query-input":{"@type":"PropertyValueSpecification","valueRequired":true,"valueName":"search_term_string"}}],"inLanguage":"fr-FR"},{"@type":"Organization","@id":"https:\/\/www.dedalus.com\/fr\/fr\/#organization","name":"Dedalus France","url":"https:\/\/www.dedalus.com\/fr\/fr\/","logo":{"@type":"ImageObject","inLanguage":"fr-FR","@id":"https:\/\/www.dedalus.com\/fr\/fr\/#\/schema\/logo\/image\/","url":"https:\/\/www.dedalus.com\/fr\/wp-content\/uploads\/sites\/13\/2023\/12\/logo_Site-Favicon.jpg","contentUrl":"https:\/\/www.dedalus.com\/fr\/wp-content\/uploads\/sites\/13\/2023\/12\/logo_Site-Favicon.jpg","width":512,"height":512,"caption":"Dedalus France"},"image":{"@id":"https:\/\/www.dedalus.com\/fr\/fr\/#\/schema\/logo\/image\/"}}]}},"_links":{"self":[{"href":"https:\/\/www.dedalus.com\/fr\/fr\/wp-json\/wp\/v2\/pages\/13575","targetHints":{"allow":["GET"]}}],"collection":[{"href":"https:\/\/www.dedalus.com\/fr\/fr\/wp-json\/wp\/v2\/pages"}],"about":[{"href":"https:\/\/www.dedalus.com\/fr\/fr\/wp-json\/wp\/v2\/types\/page"}],"author":[{"embeddable":true,"href":"https:\/\/www.dedalus.com\/fr\/fr\/wp-json\/wp\/v2\/users\/20"}],"replies":[{"embeddable":true,"href":"https:\/\/www.dedalus.com\/fr\/fr\/wp-json\/wp\/v2\/comments?post=13575"}],"version-history":[{"count":9,"href":"https:\/\/www.dedalus.com\/fr\/fr\/wp-json\/wp\/v2\/pages\/13575\/revisions"}],"predecessor-version":[{"id":13798,"href":"https:\/\/www.dedalus.com\/fr\/fr\/wp-json\/wp\/v2\/pages\/13575\/revisions\/13798"}],"up":[{"embeddable":true,"href":"https:\/\/www.dedalus.com\/fr\/fr\/wp-json\/wp\/v2\/pages\/13491"}],"wp:attachment":[{"href":"https:\/\/www.dedalus.com\/fr\/fr\/wp-json\/wp\/v2\/media?parent=13575"}],"curies":[{"name":"wp","href":"https:\/\/api.w.org\/{rel}","templated":true}]}}